{"id":106,"date":"2018-01-30T13:45:59","date_gmt":"2018-01-30T13:45:59","guid":{"rendered":"http:\/\/bridge145.qodeinteractive.com\/?page_id=106"},"modified":"2018-08-29T23:45:47","modified_gmt":"2018-08-29T21:45:47","slug":"about","status":"publish","type":"page","link":"https:\/\/www.grillservice-bergen.de\/?page_id=106","title":{"rendered":"\u00dcber uns"},"content":{"rendered":"<p>[vc_row css_animation=&#8220;&#8220; row_type=&#8220;row&#8220; use_row_as_full_screen_section=&#8220;no&#8220; type=&#8220;grid&#8220; angled_section=&#8220;no&#8220; text_align=&#8220;left&#8220; background_image_as_pattern=&#8220;without_pattern&#8220; z_index=&#8220;&#8220;][vc_column width=&#8220;1\/2&#8243;][vc_empty_space height=&#8220;100&#8243;][qode_elements_holder number_of_columns=&#8220;one_column&#8220;][qode_elements_holder_item advanced_animations=&#8220;no&#8220;][vc_column_text]<\/p>\n<h1 style=\"text-align: left;\">\u00dcber uns<\/h1>\n<p>[\/vc_column_text][vc_empty_space height=&#8220;38px&#8220;][vc_column_text]<\/p>\n<p style=\"text-align: left;\">Wir sind Alexander Bergen (Fleischermeister) &amp; Swetlana Bergen (Fleischereifachverk\u00e4uferin) aus dem nordrhein &#8211; westf\u00e4lischen M\u00fcnsterland.<\/p>\n<p>&nbsp;<\/p>\n<p style=\"text-align: left;\">Seit 2005 bieten wir unseren Grillservice f\u00fcr unterschiedliche Veranstaltungen an.<br \/>\nBeispielsweise auf:<\/p>\n<ul style=\"text-align: left; margin-left: 0.6em; padding-left: 0.6em;\">\n<li>Betriebsfesten<\/li>\n<li>Familienfesten<\/li>\n<li>Polterabenden<\/li>\n<\/ul>\n<p>&nbsp;<\/p>\n<p>Nat\u00fcrlich stehen wir Ihnen mit unserem Service f\u00fcr Veranstaltungen jeglicher Art zur Verf\u00fcgung. Fordern Sie einfach ein individuelles Angebot an![\/vc_column_text][\/qode_elements_holder_item][\/qode_elements_holder][vc_empty_space height=&#8220;100&#8243;][\/vc_column][vc_column width=&#8220;1\/2&#8243;][vc_empty_space height=&#8220;150&#8243;][qode_elements_holder number_of_columns=&#8220;one_column&#8220;][qode_elements_holder_item advanced_animations=&#8220;no&#8220; item_padding_600_768=&#8220;0px&#8220; item_padding_480_600=&#8220;0px&#8220; item_padding_480=&#8220;0px&#8220;][vc_single_image image=&#8220;187&#8243; img_size=&#8220;large&#8220; alignment=&#8220;center&#8220; style=&#8220;vc_box_shadow_3d&#8220; qode_css_animation=&#8220;&#8220;][\/qode_elements_holder_item][\/qode_elements_holder][\/vc_column][\/vc_row]<\/p>\n","protected":false},"excerpt":{"rendered":"<p>[vc_row css_animation=&#8220;&#8220; row_type=&#8220;row&#8220; use_row_as_full_screen_section=&#8220;no&#8220; type=&#8220;grid&#8220; angled_section=&#8220;no&#8220; text_align=&#8220;left&#8220; background_image_as_pattern=&#8220;without_pattern&#8220; z_index=&#8220;&#8220;][vc_column width=&#8220;1\/2&#8243;][vc_empty_space height=&#8220;100&#8243;][qode_elements_holder number_of_columns=&#8220;one_column&#8220;][qode_elements_holder_item advanced_animations=&#8220;no&#8220;][vc_column_text] \u00dcber uns [\/vc_column_text][vc_empty_space height=&#8220;38px&#8220;][vc_column_text] Wir sind Alexander Bergen (Fleischermeister) &amp; Swetlana Bergen (Fleischereifachverk\u00e4uferin) aus dem nordrhein &#8211; westf\u00e4lischen M\u00fcnsterland. &nbsp; Seit 2005 bieten wir unseren Grillservice f\u00fcr unterschiedliche Veranstaltungen an. Beispielsweise auf:&#8230;<\/p>\n","protected":false},"author":1,"featured_media":0,"parent":0,"menu_order":0,"comment_status":"closed","ping_status":"open","template":"full_width.php","meta":{"footnotes":""},"class_list":["post-106","page","type-page","status-publish","hentry"],"_links":{"self":[{"href":"https:\/\/www.grillservice-bergen.de\/index.php?rest_route=\/wp\/v2\/pages\/106","targetHints":{"allow":["GET"]}}],"collection":[{"href":"https:\/\/www.grillservice-bergen.de\/index.php?rest_route=\/wp\/v2\/pages"}],"about":[{"href":"https:\/\/www.grillservice-bergen.de\/index.php?rest_route=\/wp\/v2\/types\/page"}],"author":[{"embeddable":true,"href":"https:\/\/www.grillservice-bergen.de\/index.php?rest_route=\/wp\/v2\/users\/1"}],"replies":[{"embeddable":true,"href":"https:\/\/www.grillservice-bergen.de\/index.php?rest_route=%2Fwp%2Fv2%2Fcomments&post=106"}],"version-history":[{"count":34,"href":"https:\/\/www.grillservice-bergen.de\/index.php?rest_route=\/wp\/v2\/pages\/106\/revisions"}],"predecessor-version":[{"id":519,"href":"https:\/\/www.grillservice-bergen.de\/index.php?rest_route=\/wp\/v2\/pages\/106\/revisions\/519"}],"wp:attachment":[{"href":"https:\/\/www.grillservice-bergen.de\/index.php?rest_route=%2Fwp%2Fv2%2Fmedia&parent=106"}],"curies":[{"name":"wp","href":"https:\/\/api.w.org\/{rel}","templated":true}]}}