{"id":132,"date":"2018-01-30T15:01:55","date_gmt":"2018-01-30T15:01:55","guid":{"rendered":"http:\/\/bridge145.qodeinteractive.com\/?page_id=132"},"modified":"2020-04-13T17:05:15","modified_gmt":"2020-04-13T15:05:15","slug":"menu","status":"publish","type":"page","link":"https:\/\/www.grillservice-bergen.de\/?page_id=132","title":{"rendered":"Angebot"},"content":{"rendered":"<p>[vc_row css_animation=&#8220;&#8220; row_type=&#8220;row&#8220; use_row_as_full_screen_section=&#8220;no&#8220; type=&#8220;grid&#8220; angled_section=&#8220;no&#8220; text_align=&#8220;left&#8220; background_image_as_pattern=&#8220;without_pattern&#8220; css=&#8220;.vc_custom_1524010311542{padding-top: 80px !important;}&#8220; z_index=&#8220;&#8220;][vc_column][qode_elements_holder number_of_columns=&#8220;one_column&#8220;][qode_elements_holder_item background_color=&#8220;#ffffff&#8220; item_padding=&#8220;70px 20px 0px 70px&#8220; vertical_alignment=&#8220;middle&#8220; advanced_animations=&#8220;no&#8220; item_padding_1280_1440=&#8220;70px 15px 0px 40px&#8220; item_padding_1024_1280=&#8220;70px 15px 0px 40px&#8220; item_padding_768_1024=&#8220;70px 20px 0px 60px&#8220; item_padding_600_768=&#8220;70px 50px 0px 50px&#8220; item_padding_480_600=&#8220;70px 35px 0px 35px&#8220; item_padding_480=&#8220;70px 35px 0px 35px&#8220;][vc_row_inner row_type=&#8220;row&#8220; type=&#8220;full_width&#8220; text_align=&#8220;right&#8220; css_animation=&#8220;&#8220;][vc_column_inner width=&#8220;2\/3&#8243;][vc_column_text]<\/p>\n<h1 style=\"text-align: left;\">Unser Angebot<\/h1>\n<p>&nbsp;<\/p>\n<p style=\"text-align: left;\">Wir bieten Ihnen ein Grillangebot, welches individuell f\u00fcr Ihren Anlass zusammengestellt wird. W\u00e4hlen Sie aus unserem vielf\u00e4ltigen Sortiment oder lassen Sie sich von unseren Men\u00fcvorschl\u00e4gen inspirieren!<\/p>\n<p>[\/vc_column_text][vc_empty_space][vc_column_text]<\/p>\n<p style=\"text-align: left;\"><strong>Unser Service ist einfach und bequem!<\/strong><\/p>\n<p style=\"text-align: left;\">Der Auf- und Abbau der Grillanlage wird von uns \u00fcbernommen.\u00a0Gerne leihen wir Ihnen passend zu Ihrem Men\u00fc oder frei nach Ihren W\u00fcnschen Geschirr aus.\u00a0Der \u00a0Abwasch ist nat\u00fcrlich inklusive.<\/p>\n<p style=\"text-align: left;\"><em>*Geschirr (1,50\u20ac Aufpreis) Teller und Besteck<\/em><\/p>\n<p>[\/vc_column_text][vc_empty_space height=&#8220;40px&#8220;][vc_column_text]<\/p>\n<h2 style=\"text-align: left;\"><strong>Smoker Spezialit\u00e4ten<\/strong><\/h2>\n<p style=\"text-align: left;\">Die US-amerikanischen BBQ-Klassiker werden bei 90C \u00b0 f\u00fcr 24 Stunden im Smoker gegart und kommen fertig mariniert direkt zu Ihnen.<\/p>\n<p>[\/vc_column_text][vc_empty_space height=&#8220;20px&#8220;]<div class=\"qode-restaurant-menu-list\" ><div class=\"qode-restaurant-menu-list-holder-title-holder\"><h3 class=\"qode-restaurant-menu-list-holder-title\"><\/h3><h6 class=\"qode-restaurant-menu-list-holder-label\"><span><\/span><\/h6><\/div><ul class=\"qode-rml-holder\"><li class=\"qode-rml-item clearfix\">\n\t\t<div class=\"qode-rml-item-content\">\n\t\t<div class=\"qode-rml-top-holder\">\n\t\t\t<div class=\"qode-rml-title-holder\">\n\t\t\t\t<h5 class=\"qode-rml-title\">\n\t\t\t\t\tPulled Pork\t\t\t\t<\/h5>\n\t\t\t<\/div>\n\t\t\t<div class=\"qode-rml-line\"><\/div>\n\n\t\t\t\t\t<\/div>\n\t\t<div class=\"qode-rml-bottom-holder clearfix\">\n\t\t\t\t\t\t<h6 class=\"qode-rml-description-holder\">\n\t\t\t\trauchig-scharfer Geschmack trifft auf milde S\u00fc\u00dfe aus Rohrzucker und Ahornsirup\t\t\t<\/h6>\n\t\t\t\n\t\t\t\t\t<\/div>\n\t<\/div>\n\n<\/li><li class=\"qode-rml-item clearfix\">\n\t\t<div class=\"qode-rml-item-content\">\n\t\t<div class=\"qode-rml-top-holder\">\n\t\t\t<div class=\"qode-rml-title-holder\">\n\t\t\t\t<h5 class=\"qode-rml-title\">\n\t\t\t\t\tPulled Poultry\t\t\t\t<\/h5>\n\t\t\t<\/div>\n\t\t\t<div class=\"qode-rml-line\"><\/div>\n\n\t\t\t\t\t<\/div>\n\t\t<div class=\"qode-rml-bottom-holder clearfix\">\n\t\t\t\t\t\t<h6 class=\"qode-rml-description-holder\">\n\t\t\t\tfruchtige S\u00fc\u00dfe aus Rohrzucker, Limette und Zitrone mit angenehmer Sch\u00e4rfe\t\t\t<\/h6>\n\t\t\t\n\t\t\t\t\t<\/div>\n\t<\/div>\n\n<\/li><li class=\"qode-rml-item clearfix\">\n\t\t<div class=\"qode-rml-item-content\">\n\t\t<div class=\"qode-rml-top-holder\">\n\t\t\t<div class=\"qode-rml-title-holder\">\n\t\t\t\t<h5 class=\"qode-rml-title\">\n\t\t\t\t\tBeef Brisket\t\t\t\t<\/h5>\n\t\t\t<\/div>\n\t\t\t<div class=\"qode-rml-line\"><\/div>\n\n\t\t\t\t\t<\/div>\n\t\t<div class=\"qode-rml-bottom-holder clearfix\">\n\t\t\t\t\t\t<h6 class=\"qode-rml-description-holder\">\n\t\t\t\ts\u00fc\u00df-scharfe W\u00fcrze, unverwechselbar durch Raucharoma und Honig\t\t\t<\/h6>\n\t\t\t\n\t\t\t\t\t<\/div>\n\t<\/div>\n\n<\/li><\/ul><\/div>[vc_empty_space height=&#8220;40px&#8220;][vc_column_text]<\/p>\n<h2 style=\"text-align: left;\"><strong>Vom Grill<br \/>\n<\/strong><\/h2>\n<p style=\"text-align: left;\">Unser Grillangebot wird eigens f\u00fcr Ihren Anlass von uns mariniert und frisch vor Ort zubereitet. Unser Highlight: Currywurst mit hausgemachter Curryso\u00dfe &#8211; mit fruchtiger Note und wenig Zucker!<\/p>\n<p>[\/vc_column_text][vc_empty_space height=&#8220;25px&#8220;]<div class=\"qode-restaurant-menu-list\" ><div class=\"qode-restaurant-menu-list-holder-title-holder\"><h3 class=\"qode-restaurant-menu-list-holder-title\"><\/h3><h6 class=\"qode-restaurant-menu-list-holder-label\"><span><\/span><\/h6><\/div><ul class=\"qode-rml-holder\"><li class=\"qode-rml-item clearfix\">\n\t\t<div class=\"qode-rml-item-content\">\n\t\t<div class=\"qode-rml-top-holder\">\n\t\t\t<div class=\"qode-rml-title-holder\">\n\t\t\t\t<h5 class=\"qode-rml-title\">\n\t\t\t\t\tNackensteaks\t\t\t\t<\/h5>\n\t\t\t<\/div>\n\t\t\t<div class=\"qode-rml-line\"><\/div>\n\n\t\t\t\t\t<\/div>\n\t\t<div class=\"qode-rml-bottom-holder clearfix\">\n\t\t\t\t\t\t<h6 class=\"qode-rml-description-holder\">\n\t\t\t\therzhaft eingelegte Nackensteaks\t\t\t<\/h6>\n\t\t\t\n\t\t\t\t\t<\/div>\n\t<\/div>\n\n<\/li><li class=\"qode-rml-item clearfix\">\n\t\t<div class=\"qode-rml-item-content\">\n\t\t<div class=\"qode-rml-top-holder\">\n\t\t\t<div class=\"qode-rml-title-holder\">\n\t\t\t\t<h5 class=\"qode-rml-title\">\n\t\t\t\t\tLachssteaks\t\t\t\t<\/h5>\n\t\t\t<\/div>\n\t\t\t<div class=\"qode-rml-line\"><\/div>\n\n\t\t\t\t\t<\/div>\n\t\t<div class=\"qode-rml-bottom-holder clearfix\">\n\t\t\t\t\t\t<h6 class=\"qode-rml-description-holder\">\n\t\t\t\tmagere Steaks in Heimatkr\u00e4uter-Marinade\t\t\t<\/h6>\n\t\t\t\n\t\t\t\t\t<\/div>\n\t<\/div>\n\n<\/li><li class=\"qode-rml-item clearfix\">\n\t\t<div class=\"qode-rml-item-content\">\n\t\t<div class=\"qode-rml-top-holder\">\n\t\t\t<div class=\"qode-rml-title-holder\">\n\t\t\t\t<h5 class=\"qode-rml-title\">\n\t\t\t\t\tH\u00e4hnchensteaks\t\t\t\t<\/h5>\n\t\t\t<\/div>\n\t\t\t<div class=\"qode-rml-line\"><\/div>\n\n\t\t\t\t\t<\/div>\n\t\t<div class=\"qode-rml-bottom-holder clearfix\">\n\t\t\t\t\t\t<h6 class=\"qode-rml-description-holder\">\n\t\t\t\tin fruchtiger Marinade\t\t\t<\/h6>\n\t\t\t\n\t\t\t\t\t<\/div>\n\t<\/div>\n\n<\/li><li class=\"qode-rml-item clearfix\">\n\t\t<div class=\"qode-rml-item-content\">\n\t\t<div class=\"qode-rml-top-holder\">\n\t\t\t<div class=\"qode-rml-title-holder\">\n\t\t\t\t<h5 class=\"qode-rml-title\">\n\t\t\t\t\tPuten-Spie\u00dfe\t\t\t\t<\/h5>\n\t\t\t<\/div>\n\t\t\t<div class=\"qode-rml-line\"><\/div>\n\n\t\t\t\t\t<\/div>\n\t\t<div class=\"qode-rml-bottom-holder clearfix\">\n\t\t\t\t\t\t<h6 class=\"qode-rml-description-holder\">\n\t\t\t\tnach indischer Art\t\t\t<\/h6>\n\t\t\t\n\t\t\t\t\t<\/div>\n\t<\/div>\n\n<\/li><li class=\"qode-rml-item clearfix\">\n\t\t<div class=\"qode-rml-item-content\">\n\t\t<div class=\"qode-rml-top-holder\">\n\t\t\t<div class=\"qode-rml-title-holder\">\n\t\t\t\t<h5 class=\"qode-rml-title\">\n\t\t\t\t\tFilet-Spie\u00dfe\t\t\t\t<\/h5>\n\t\t\t<\/div>\n\t\t\t<div class=\"qode-rml-line\"><\/div>\n\n\t\t\t\t\t<\/div>\n\t\t<div class=\"qode-rml-bottom-holder clearfix\">\n\t\t\t\t\t\t<h6 class=\"qode-rml-description-holder\">\n\t\t\t\tin Kr\u00e4utermarinade\t\t\t<\/h6>\n\t\t\t\n\t\t\t\t\t<\/div>\n\t<\/div>\n\n<\/li><li class=\"qode-rml-item clearfix\">\n\t\t<div class=\"qode-rml-item-content\">\n\t\t<div class=\"qode-rml-top-holder\">\n\t\t\t<div class=\"qode-rml-title-holder\">\n\t\t\t\t<h5 class=\"qode-rml-title\">\n\t\t\t\t\tSchaschlik\t\t\t\t<\/h5>\n\t\t\t<\/div>\n\t\t\t<div class=\"qode-rml-line\"><\/div>\n\n\t\t\t\t\t<\/div>\n\t\t<div class=\"qode-rml-bottom-holder clearfix\">\n\t\t\t\t\t\t<h6 class=\"qode-rml-description-holder\">\n\t\t\t\tnach russischer Art\t\t\t<\/h6>\n\t\t\t\n\t\t\t\t\t<\/div>\n\t<\/div>\n\n<\/li><li class=\"qode-rml-item clearfix\">\n\t\t<div class=\"qode-rml-item-content\">\n\t\t<div class=\"qode-rml-top-holder\">\n\t\t\t<div class=\"qode-rml-title-holder\">\n\t\t\t\t<h5 class=\"qode-rml-title\">\n\t\t\t\t\tBratwurst\t\t\t\t<\/h5>\n\t\t\t<\/div>\n\t\t\t<div class=\"qode-rml-line\"><\/div>\n\n\t\t\t\t\t<\/div>\n\t\t<div class=\"qode-rml-bottom-holder clearfix\">\n\t\t\t\t\t\t<h6 class=\"qode-rml-description-holder\">\n\t\t\t\tklassische Rostbratw\u00fcrstchen\t\t\t<\/h6>\n\t\t\t\n\t\t\t\t\t<\/div>\n\t<\/div>\n\n<\/li><li class=\"qode-rml-item clearfix\">\n\t\t<div class=\"qode-rml-item-content\">\n\t\t<div class=\"qode-rml-top-holder\">\n\t\t\t<div class=\"qode-rml-title-holder\">\n\t\t\t\t<h5 class=\"qode-rml-title\">\n\t\t\t\t\tGarnelen-Spie\u00dfe\t\t\t\t<\/h5>\n\t\t\t<\/div>\n\t\t\t<div class=\"qode-rml-line\"><\/div>\n\n\t\t\t\t\t<\/div>\n\t\t<div class=\"qode-rml-bottom-holder clearfix\">\n\t\t\t\t\t\t<h6 class=\"qode-rml-description-holder\">\n\t\t\t\tmit spritziger Zitrone\t\t\t<\/h6>\n\t\t\t\n\t\t\t\t\t<\/div>\n\t<\/div>\n\n<\/li><li class=\"qode-rml-item clearfix\">\n\t\t<div class=\"qode-rml-item-content\">\n\t\t<div class=\"qode-rml-top-holder\">\n\t\t\t<div class=\"qode-rml-title-holder\">\n\t\t\t\t<h5 class=\"qode-rml-title\">\n\t\t\t\t\tGegrilltes Gem\u00fcse\t\t\t\t<\/h5>\n\t\t\t<\/div>\n\t\t\t<div class=\"qode-rml-line\"><\/div>\n\n\t\t\t\t\t<\/div>\n\t\t<div class=\"qode-rml-bottom-holder clearfix\">\n\t\t\t\t\t\t<h6 class=\"qode-rml-description-holder\">\n\t\t\t\tbunte Paprika, Champignons, Zucchini und vieles mehr\t\t\t<\/h6>\n\t\t\t\n\t\t\t\t\t<\/div>\n\t<\/div>\n\n<\/li><li class=\"qode-rml-item clearfix\">\n\t\t<div class=\"qode-rml-item-content\">\n\t\t<div class=\"qode-rml-top-holder\">\n\t\t\t<div class=\"qode-rml-title-holder\">\n\t\t\t\t<h5 class=\"qode-rml-title\">\n\t\t\t\t\tCurrywurst\t\t\t\t<\/h5>\n\t\t\t<\/div>\n\t\t\t<div class=\"qode-rml-line\"><\/div>\n\n\t\t\t\t\t<\/div>\n\t\t<div class=\"qode-rml-bottom-holder clearfix\">\n\t\t\t\t\t\t<h6 class=\"qode-rml-description-holder\">\n\t\t\t\tMit hausgemachter Curryso\u00dfe\t\t\t<\/h6>\n\t\t\t\n\t\t\t\t\t<\/div>\n\t<\/div>\n\n<\/li><\/ul><\/div>[vc_empty_space height=&#8220;40px&#8220;][vc_column_text]<\/p>\n<h2 style=\"text-align: left;\"><strong>Beilagen<\/strong><\/h2>\n<p style=\"text-align: left;\">Passende Beilagen zu jedem Gericht sorgen f\u00fcr ein abgerundetes Esserlebnis.<\/p>\n<p>[\/vc_column_text][vc_empty_space height=&#8220;25px&#8220;]<div class=\"qode-restaurant-menu-list\" ><div class=\"qode-restaurant-menu-list-holder-title-holder\"><h3 class=\"qode-restaurant-menu-list-holder-title\"><\/h3><h6 class=\"qode-restaurant-menu-list-holder-label\"><span><\/span><\/h6><\/div><ul class=\"qode-rml-holder\"><li class=\"qode-rml-item clearfix\">\n\t\t<div class=\"qode-rml-item-content\">\n\t\t<div class=\"qode-rml-top-holder\">\n\t\t\t<div class=\"qode-rml-title-holder\">\n\t\t\t\t<h5 class=\"qode-rml-title\">\n\t\t\t\t\tBrotkorb\t\t\t\t<\/h5>\n\t\t\t<\/div>\n\t\t\t<div class=\"qode-rml-line\"><\/div>\n\n\t\t\t\t\t<\/div>\n\t\t<div class=\"qode-rml-bottom-holder clearfix\">\n\t\t\t\t\t\t<h6 class=\"qode-rml-description-holder\">\n\t\t\t\tbunt gestalteter Partykorb direkt aus dem Backofen\t\t\t<\/h6>\n\t\t\t\n\t\t\t\t\t<\/div>\n\t<\/div>\n\n<\/li><li class=\"qode-rml-item clearfix\">\n\t\t<div class=\"qode-rml-item-content\">\n\t\t<div class=\"qode-rml-top-holder\">\n\t\t\t<div class=\"qode-rml-title-holder\">\n\t\t\t\t<h5 class=\"qode-rml-title\">\n\t\t\t\t\tVerschiedene Dips\t\t\t\t<\/h5>\n\t\t\t<\/div>\n\t\t\t<div class=\"qode-rml-line\"><\/div>\n\n\t\t\t\t\t<\/div>\n\t\t<div class=\"qode-rml-bottom-holder clearfix\">\n\t\t\t\t\t\t<h6 class=\"qode-rml-description-holder\">\n\t\t\t\thausgemachte Kr\u00e4uter und Cocktaildipps\t\t\t<\/h6>\n\t\t\t\n\t\t\t\t\t<\/div>\n\t<\/div>\n\n<\/li><li class=\"qode-rml-item clearfix\">\n\t\t<div class=\"qode-rml-item-content\">\n\t\t<div class=\"qode-rml-top-holder\">\n\t\t\t<div class=\"qode-rml-title-holder\">\n\t\t\t\t<h5 class=\"qode-rml-title\">\n\t\t\t\t\tB\u00e4rlauchbutter\t\t\t\t<\/h5>\n\t\t\t<\/div>\n\t\t\t<div class=\"qode-rml-line\"><\/div>\n\n\t\t\t\t\t<\/div>\n\t\t<div class=\"qode-rml-bottom-holder clearfix\">\n\t\t\t\t\t\t<h6 class=\"qode-rml-description-holder\">\n\t\t\t\tmit B\u00e4rlauch aus unserem Garten\t\t\t<\/h6>\n\t\t\t\n\t\t\t\t\t<\/div>\n\t<\/div>\n\n<\/li><li class=\"qode-rml-item clearfix\">\n\t\t<div class=\"qode-rml-item-content\">\n\t\t<div class=\"qode-rml-top-holder\">\n\t\t\t<div class=\"qode-rml-title-holder\">\n\t\t\t\t<h5 class=\"qode-rml-title\">\n\t\t\t\t\tPommes\t\t\t\t<\/h5>\n\t\t\t<\/div>\n\t\t\t<div class=\"qode-rml-line\"><\/div>\n\n\t\t\t\t\t<\/div>\n\t\t<div class=\"qode-rml-bottom-holder clearfix\">\n\t\t\t\t\t\t<h6 class=\"qode-rml-description-holder\">\n\t\t\t\taus der Fritteuse\t\t\t<\/h6>\n\t\t\t\n\t\t\t\t\t<\/div>\n\t<\/div>\n\n<\/li><li class=\"qode-rml-item clearfix\">\n\t\t<div class=\"qode-rml-item-content\">\n\t\t<div class=\"qode-rml-top-holder\">\n\t\t\t<div class=\"qode-rml-title-holder\">\n\t\t\t\t<h5 class=\"qode-rml-title\">\n\t\t\t\t\tKroketten\t\t\t\t<\/h5>\n\t\t\t<\/div>\n\t\t\t<div class=\"qode-rml-line\"><\/div>\n\n\t\t\t\t\t<\/div>\n\t\t<div class=\"qode-rml-bottom-holder clearfix\">\n\t\t\t\t\t\t<h6 class=\"qode-rml-description-holder\">\n\t\t\t\taus der Fritteuse\t\t\t<\/h6>\n\t\t\t\n\t\t\t\t\t<\/div>\n\t<\/div>\n\n<\/li><\/ul><\/div>[vc_empty_space height=&#8220;40px&#8220;][\/vc_column_inner][vc_column_inner width=&#8220;1\/3&#8243;][vc_empty_space height=&#8220;150&#8243;]<a  itemprop=\"url\" href=\"https:\/\/www.grillservice-bergen.de\/kontakt\/\" target=\"_self\"  class=\"qbutton  large default  qode-button-shadow\" style=\"font-style: italic; font-weight: 700; border-radius: 5px;-moz-border-radius: 5px;-webkit-border-radius: 5px; \">Angebot Anfordern<\/a>[\/vc_column_inner][\/vc_row_inner][\/qode_elements_holder_item][\/qode_elements_holder][\/vc_column][\/vc_row][vc_row css_animation=&#8220;&#8220; row_type=&#8220;row&#8220; use_row_as_full_screen_section=&#8220;no&#8220; type=&#8220;grid&#8220; angled_section=&#8220;no&#8220; text_align=&#8220;left&#8220; background_image_as_pattern=&#8220;without_pattern&#8220; css=&#8220;.vc_custom_1524010311542{padding-top: 80px !important;}&#8220; z_index=&#8220;&#8220;][vc_column][qode_elements_holder number_of_columns=&#8220;one_column&#8220;][qode_elements_holder_item background_color=&#8220;#ffffff&#8220; item_padding=&#8220;70px 20px 0px 70px&#8220; vertical_alignment=&#8220;middle&#8220; advanced_animations=&#8220;no&#8220; item_padding_1280_1440=&#8220;70px 15px 0px 40px&#8220; item_padding_1024_1280=&#8220;70px 15px 0px 40px&#8220; item_padding_768_1024=&#8220;70px 20px 0px 60px&#8220; item_padding_600_768=&#8220;70px 50px 0px 50px&#8220; item_padding_480_600=&#8220;70px 35px 0px 35px&#8220; item_padding_480=&#8220;70px 35px 0px 35px&#8220;][vc_row_inner row_type=&#8220;row&#8220; type=&#8220;full_width&#8220; text_align=&#8220;right&#8220; css_animation=&#8220;&#8220;][vc_column_inner width=&#8220;2\/3&#8243;][vc_column_text]<\/p>\n<h1 style=\"text-align: left;\">Men\u00fcvorschl\u00e4ge<\/h1>\n<p>&nbsp;<\/p>\n<p style=\"text-align: left;\">Schon probiert ? Lassen Sie sich auch von unseren Men\u00fcvorschl\u00e4gen inspirieren. Jedes Men\u00fc kann selbstverst\u00e4ndlich individuell auf Ihre Veranstaltung angepasst werden.<\/p>\n<p>[\/vc_column_text][\/vc_column_inner][vc_column_inner width=&#8220;1\/3&#8243;][\/vc_column_inner][\/vc_row_inner][vc_row_inner row_type=&#8220;row&#8220; type=&#8220;full_width&#8220; text_align=&#8220;left&#8220; css_animation=&#8220;&#8220;][vc_column_inner width=&#8220;1\/2&#8243;][vc_empty_space height=&#8220;70px&#8220;]<div class=\"qode-restaurant-menu-list\" ><div class=\"qode-restaurant-menu-list-holder-title-holder\"><h3 class=\"qode-restaurant-menu-list-holder-title\"><\/h3><h6 class=\"qode-restaurant-menu-list-holder-label\"><span><\/span><\/h6><\/div><ul class=\"qode-rml-holder\"><li class=\"qode-rml-item clearfix\">\n\t\t<div class=\"qode-rml-item-content\">\n\t\t<div class=\"qode-rml-top-holder\">\n\t\t\t<div class=\"qode-rml-title-holder\">\n\t\t\t\t<h5 class=\"qode-rml-title\">\n\t\t\t\t\tMen\u00fc 1\t\t\t\t<\/h5>\n\t\t\t<\/div>\n\t\t\t<div class=\"qode-rml-line\"><\/div>\n\n\t\t\t\t\t<\/div>\n\t\t<div class=\"qode-rml-bottom-holder clearfix\">\n\t\t\t\t\t\t<h6 class=\"qode-rml-description-holder\">\n\t\t\t\tBratwurst\/Currywurst, Salate (selbstgemacht) und Br\u00f6tchen.\t\t\t<\/h6>\n\t\t\t\n\t\t\t\t\t<\/div>\n\t<\/div>\n\n<\/li><\/ul><\/div>[vc_empty_space height=&#8220;40px&#8220;][\/vc_column_inner][vc_column_inner width=&#8220;1\/2&#8243;][vc_empty_space height=&#8220;70px&#8220;]<div class=\"qode-restaurant-menu-list\" ><div class=\"qode-restaurant-menu-list-holder-title-holder\"><h3 class=\"qode-restaurant-menu-list-holder-title\"><\/h3><h6 class=\"qode-restaurant-menu-list-holder-label\"><span><\/span><\/h6><\/div><ul class=\"qode-rml-holder\"><li class=\"qode-rml-item clearfix\">\n\t\t<div class=\"qode-rml-item-content\">\n\t\t<div class=\"qode-rml-top-holder\">\n\t\t\t<div class=\"qode-rml-title-holder\">\n\t\t\t\t<h5 class=\"qode-rml-title\">\n\t\t\t\t\tMen\u00fc 2\t\t\t\t<\/h5>\n\t\t\t<\/div>\n\t\t\t<div class=\"qode-rml-line\"><\/div>\n\n\t\t\t\t\t<\/div>\n\t\t<div class=\"qode-rml-bottom-holder clearfix\">\n\t\t\t\t\t\t<h6 class=\"qode-rml-description-holder\">\n\t\t\t\tNackensteaks, Lachssteacks, H\u00e4hnchen- oder Putenspie\u00dfe, Bratwurst\/Currywurst, ein Brotkorb - Partykorb, gegrilltes Gem\u00fcse, mit passenden Dipps, Senf und Ketchup\t\t\t<\/h6>\n\t\t\t\n\t\t\t\t\t<\/div>\n\t<\/div>\n\n<\/li><\/ul><\/div>[vc_empty_space height=&#8220;40px&#8220;][\/vc_column_inner][\/vc_row_inner][vc_row_inner row_type=&#8220;row&#8220; type=&#8220;full_width&#8220; text_align=&#8220;left&#8220; css_animation=&#8220;&#8220;][vc_column_inner width=&#8220;1\/2&#8243;][vc_empty_space height=&#8220;30px&#8220;]<div class=\"qode-restaurant-menu-list\" ><div class=\"qode-restaurant-menu-list-holder-title-holder\"><h3 class=\"qode-restaurant-menu-list-holder-title\"><\/h3><h6 class=\"qode-restaurant-menu-list-holder-label\"><span><\/span><\/h6><\/div><ul class=\"qode-rml-holder\"><li class=\"qode-rml-item clearfix\">\n\t\t<div class=\"qode-rml-item-content\">\n\t\t<div class=\"qode-rml-top-holder\">\n\t\t\t<div class=\"qode-rml-title-holder\">\n\t\t\t\t<h5 class=\"qode-rml-title\">\n\t\t\t\t\tMen\u00fc 3\t\t\t\t<\/h5>\n\t\t\t<\/div>\n\t\t\t<div class=\"qode-rml-line\"><\/div>\n\n\t\t\t\t\t<\/div>\n\t\t<div class=\"qode-rml-bottom-holder clearfix\">\n\t\t\t\t\t\t<h6 class=\"qode-rml-description-holder\">\n\t\t\t\tNackensteaks, Lachssteacks, H\u00e4hnchen- oder Putenspie\u00dfe, Bratwurst\/Currywurst, ein Brotkorb - Partykorb, gegrilltes Gem\u00fcse, mit passenden Dipps, Senf und Ketchup + selbstgemachte Salate\t\t\t<\/h6>\n\t\t\t\n\t\t\t\t\t<\/div>\n\t<\/div>\n\n<\/li><\/ul><\/div>[vc_empty_space height=&#8220;70px&#8220;][\/vc_column_inner][vc_column_inner width=&#8220;1\/2&#8243;][vc_empty_space height=&#8220;30px&#8220;]<div class=\"qode-restaurant-menu-list\" ><div class=\"qode-restaurant-menu-list-holder-title-holder\"><h3 class=\"qode-restaurant-menu-list-holder-title\"><\/h3><h6 class=\"qode-restaurant-menu-list-holder-label\"><span><\/span><\/h6><\/div><ul class=\"qode-rml-holder\"><li class=\"qode-rml-item clearfix\">\n\t\t<div class=\"qode-rml-item-content\">\n\t\t<div class=\"qode-rml-top-holder\">\n\t\t\t<div class=\"qode-rml-title-holder\">\n\t\t\t\t<h5 class=\"qode-rml-title\">\n\t\t\t\t\tMen\u00fc 4\t\t\t\t<\/h5>\n\t\t\t<\/div>\n\t\t\t<div class=\"qode-rml-line\"><\/div>\n\n\t\t\t\t\t<\/div>\n\t\t<div class=\"qode-rml-bottom-holder clearfix\">\n\t\t\t\t\t\t<h6 class=\"qode-rml-description-holder\">\n\t\t\t\tNackensteaks, Lachssteacks, H\u00e4hnchen- oder Putenspie\u00dfe, Bratwurst\/Currywurst, ein Brotkorb - Partykorb, gegrilltes Gem\u00fcse, mit passenden Dipps, Senf und Ketchup + selbstgemachte Salate + Schaschlik-oder Filetspie\u00dfe\t\t\t<\/h6>\n\t\t\t\n\t\t\t\t\t<\/div>\n\t<\/div>\n\n<\/li><\/ul><\/div>[vc_empty_space height=&#8220;70px&#8220;][\/vc_column_inner][\/vc_row_inner][vc_empty_space height=&#8220;20px&#8220;]<a  itemprop=\"url\" href=\"https:\/\/www.grillservice-bergen.de\/kontakt\/\" target=\"_self\"  class=\"qbutton  big_large_full_width default  qode-button-shadow\" style=\"font-style: italic; font-weight: 900; \">Angebot Anfordern<\/a>[vc_empty_space height=&#8220;100&#8243;][\/qode_elements_holder_item][\/qode_elements_holder][\/vc_column][\/vc_row]<\/p>\n","protected":false},"excerpt":{"rendered":"<p>[vc_row css_animation=&#8220;&#8220; row_type=&#8220;row&#8220; use_row_as_full_screen_section=&#8220;no&#8220; type=&#8220;grid&#8220; angled_section=&#8220;no&#8220; text_align=&#8220;left&#8220; background_image_as_pattern=&#8220;without_pattern&#8220; css=&#8220;.vc_custom_1524010311542{padding-top: 80px !important;}&#8220; z_index=&#8220;&#8220;][vc_column][qode_elements_holder number_of_columns=&#8220;one_column&#8220;][qode_elements_holder_item background_color=&#8220;#ffffff&#8220; item_padding=&#8220;70px 20px 0px 70px&#8220; vertical_alignment=&#8220;middle&#8220; advanced_animations=&#8220;no&#8220; item_padding_1280_1440=&#8220;70px 15px 0px 40px&#8220; item_padding_1024_1280=&#8220;70px 15px 0px 40px&#8220; item_padding_768_1024=&#8220;70px 20px 0px 60px&#8220; item_padding_600_768=&#8220;70px 50px 0px 50px&#8220; item_padding_480_600=&#8220;70px 35px 0px 35px&#8220; item_padding_480=&#8220;70px 35px 0px 35px&#8220;][vc_row_inner row_type=&#8220;row&#8220;&#8230;<\/p>\n","protected":false},"author":1,"featured_media":0,"parent":0,"menu_order":0,"comment_status":"closed","ping_status":"open","template":"full_width.php","meta":{"footnotes":""},"class_list":["post-132","page","type-page","status-publish","hentry"],"_links":{"self":[{"href":"https:\/\/www.grillservice-bergen.de\/index.php?rest_route=\/wp\/v2\/pages\/132","targetHints":{"allow":["GET"]}}],"collection":[{"href":"https:\/\/www.grillservice-bergen.de\/index.php?rest_route=\/wp\/v2\/pages"}],"about":[{"href":"https:\/\/www.grillservice-bergen.de\/index.php?rest_route=\/wp\/v2\/types\/page"}],"author":[{"embeddable":true,"href":"https:\/\/www.grillservice-bergen.de\/index.php?rest_route=\/wp\/v2\/users\/1"}],"replies":[{"embeddable":true,"href":"https:\/\/www.grillservice-bergen.de\/index.php?rest_route=%2Fwp%2Fv2%2Fcomments&post=132"}],"version-history":[{"count":131,"href":"https:\/\/www.grillservice-bergen.de\/index.php?rest_route=\/wp\/v2\/pages\/132\/revisions"}],"predecessor-version":[{"id":530,"href":"https:\/\/www.grillservice-bergen.de\/index.php?rest_route=\/wp\/v2\/pages\/132\/revisions\/530"}],"wp:attachment":[{"href":"https:\/\/www.grillservice-bergen.de\/index.php?rest_route=%2Fwp%2Fv2%2Fmedia&parent=132"}],"curies":[{"name":"wp","href":"https:\/\/api.w.org\/{rel}","templated":true}]}}